{"id":588,"date":"2023-06-01T11:31:43","date_gmt":"2023-06-01T11:31:43","guid":{"rendered":"https:\/\/ipacademie.careb4.nl\/?page_id=588"},"modified":"2023-09-19T09:06:03","modified_gmt":"2023-09-19T09:06:03","slug":"e-learning-uitbraak-brmo-mrsa","status":"publish","type":"page","link":"https:\/\/ipacademie.nl\/index.php\/aanbod-e-learning\/e-learning-uitbraak-brmo-mrsa\/","title":{"rendered":"Uitbraak BRMO"},"content":{"rendered":"\t\t<div data-elementor-type=\"wp-page\" data-elementor-id=\"588\" class=\"elementor elementor-588\">\n\t\t\t\t\t\t<section class=\"elementor-section elementor-top-section elementor-element elementor-element-3796001 elementor-section-boxed elementor-section-height-default elementor-section-height-default\" data-id=\"3796001\" data-element_type=\"section\" data-e-type=\"section\">\n\t\t\t\t\t\t<div class=\"elementor-container elementor-column-gap-default\">\n\t\t\t\t\t<div class=\"elementor-column elementor-col-100 elementor-top-column elementor-element elementor-element-c2eb47c\" data-id=\"c2eb47c\" data-element_type=\"column\" data-e-type=\"column\">\n\t\t\t<div class=\"elementor-widget-wrap elementor-element-populated\">\n\t\t\t\t\t\t<div class=\"elementor-element elementor-element-71638e8 elementor-tabs-view-horizontal elementor-widget elementor-widget-tabs\" data-id=\"71638e8\" data-element_type=\"widget\" data-e-type=\"widget\" data-widget_type=\"tabs.default\">\n\t\t\t\t<div class=\"elementor-widget-container\">\n\t\t\t\t\t\t\t<div class=\"elementor-tabs\">\n\t\t\t<div class=\"elementor-tabs-wrapper\" role=\"tablist\" >\n\t\t\t\t\t\t\t\t\t<div id=\"elementor-tab-title-1181\" class=\"elementor-tab-title elementor-tab-desktop-title\" aria-selected=\"true\" data-tab=\"1\" role=\"tab\" tabindex=\"0\" aria-controls=\"elementor-tab-content-1181\" aria-expanded=\"false\">E-learning uitbraak BRMO<\/div>\n\t\t\t\t\t\t\t\t\t<div id=\"elementor-tab-title-1182\" class=\"elementor-tab-title elementor-tab-desktop-title\" aria-selected=\"false\" data-tab=\"2\" role=\"tab\" tabindex=\"-1\" aria-controls=\"elementor-tab-content-1182\" aria-expanded=\"false\">Leerdoelen<\/div>\n\t\t\t\t\t\t\t\t\t<div id=\"elementor-tab-title-1183\" class=\"elementor-tab-title elementor-tab-desktop-title\" aria-selected=\"false\" data-tab=\"3\" role=\"tab\" tabindex=\"-1\" aria-controls=\"elementor-tab-content-1183\" aria-expanded=\"false\">Doelgroep<\/div>\n\t\t\t\t\t\t\t\t\t<div id=\"elementor-tab-title-1184\" class=\"elementor-tab-title elementor-tab-desktop-title\" aria-selected=\"false\" data-tab=\"4\" role=\"tab\" tabindex=\"-1\" aria-controls=\"elementor-tab-content-1184\" aria-expanded=\"false\">Toets en accreditatie<\/div>\n\t\t\t\t\t\t\t\t\t<div id=\"elementor-tab-title-1185\" class=\"elementor-tab-title elementor-tab-desktop-title\" aria-selected=\"false\" data-tab=\"5\" role=\"tab\" tabindex=\"-1\" aria-controls=\"elementor-tab-content-1185\" aria-expanded=\"false\">Studieduur en aanmelden<\/div>\n\t\t\t\t\t\t\t<\/div>\n\t\t\t<div class=\"elementor-tabs-content-wrapper\" role=\"tablist\" aria-orientation=\"vertical\">\n\t\t\t\t\t\t\t\t\t<div class=\"elementor-tab-title elementor-tab-mobile-title\" aria-selected=\"true\" data-tab=\"1\" role=\"tab\" tabindex=\"0\" aria-controls=\"elementor-tab-content-1181\" aria-expanded=\"false\">E-learning uitbraak BRMO<\/div>\n\t\t\t\t\t<div id=\"elementor-tab-content-1181\" class=\"elementor-tab-content elementor-clearfix\" data-tab=\"1\" role=\"tabpanel\" aria-labelledby=\"elementor-tab-title-1181\" tabindex=\"0\" hidden=\"false\"><p>In deze module wordt aan de hand van een voorbeeld uitgelegd welke maatregelen er genomen moeten worden tijdens een uitbraak met BRMO.\u00a0<\/p><\/div>\n\t\t\t\t\t\t\t\t\t<div class=\"elementor-tab-title elementor-tab-mobile-title\" aria-selected=\"false\" data-tab=\"2\" role=\"tab\" tabindex=\"-1\" aria-controls=\"elementor-tab-content-1182\" aria-expanded=\"false\">Leerdoelen<\/div>\n\t\t\t\t\t<div id=\"elementor-tab-content-1182\" class=\"elementor-tab-content elementor-clearfix\" data-tab=\"2\" role=\"tabpanel\" aria-labelledby=\"elementor-tab-title-1182\" tabindex=\"0\" hidden=\"hidden\"><div class=\"row clearfix\"><div class=\"column full\"><p>Na afronden van deze module weet de deelnemer:<\/p><\/div><\/div><div class=\"row clearfix\"><div class=\"column full\"><ul><li>Dat dragerschap van een BRMO geen symptomen kent<\/li><li>Op welke manier je besmet kunt raken en hoe je dit kunt voorkomen<\/li><li>Welke maatregelen er genomen moeten worden tijdens een uitbraak met BRMO<\/li><li>Wanneer er op- en afgeschaald kan worden<\/li><\/ul><\/div><\/div><\/div>\n\t\t\t\t\t\t\t\t\t<div class=\"elementor-tab-title elementor-tab-mobile-title\" aria-selected=\"false\" data-tab=\"3\" role=\"tab\" tabindex=\"-1\" aria-controls=\"elementor-tab-content-1183\" aria-expanded=\"false\">Doelgroep<\/div>\n\t\t\t\t\t<div id=\"elementor-tab-content-1183\" class=\"elementor-tab-content elementor-clearfix\" data-tab=\"3\" role=\"tabpanel\" aria-labelledby=\"elementor-tab-title-1183\" tabindex=\"0\" hidden=\"hidden\"><p>Zorgmedewerkers die contact hebben met cli\u00ebnten, cli\u00ebntenmateriaal of met de directe omgeving van cli\u00ebnten.<\/p><\/div>\n\t\t\t\t\t\t\t\t\t<div class=\"elementor-tab-title elementor-tab-mobile-title\" aria-selected=\"false\" data-tab=\"4\" role=\"tab\" tabindex=\"-1\" aria-controls=\"elementor-tab-content-1184\" aria-expanded=\"false\">Toets en accreditatie<\/div>\n\t\t\t\t\t<div id=\"elementor-tab-content-1184\" class=\"elementor-tab-content elementor-clearfix\" data-tab=\"4\" role=\"tabpanel\" aria-labelledby=\"elementor-tab-title-1184\" tabindex=\"0\" hidden=\"hidden\"><p>De module bevat een theorietoets. Om de module succesvol af te ronden dien je de theorietoets te behalen met een minimale score van 80%. Je kan een toets herkansen.<\/p><p>Indien je jouw registratienummer invult in jouw profiel in de leeromgeving, dan wordt de accreditatie na slagen direct automatisch verwerkt in het Kwaliteitsregister.<\/p><\/div>\n\t\t\t\t\t\t\t\t\t<div class=\"elementor-tab-title elementor-tab-mobile-title\" aria-selected=\"false\" data-tab=\"5\" role=\"tab\" tabindex=\"-1\" aria-controls=\"elementor-tab-content-1185\" aria-expanded=\"false\">Studieduur en aanmelden<\/div>\n\t\t\t\t\t<div id=\"elementor-tab-content-1185\" class=\"elementor-tab-content elementor-clearfix\" data-tab=\"5\" role=\"tabpanel\" aria-labelledby=\"elementor-tab-title-1185\" tabindex=\"0\" hidden=\"hidden\"><p>Gemiddelde studieduur is 1 uur.\u00a0<\/p><p>Klik <a href=\"https:\/\/www.zorgvoorlerenacademie.nl\/catalog\/product\/module-uitbraak-brmo-mrsa-infectiepreventie\" target=\"_blank\" rel=\"noopener\">hier<\/a> om je in te schrijven!<\/p><\/div>\n\t\t\t\t\t\t\t<\/div>\n\t\t<\/div>\n\t\t\t\t\t\t<\/div>\n\t\t\t\t<\/div>\n\t\t\t\t\t<\/div>\n\t\t<\/div>\n\t\t\t\t\t<\/div>\n\t\t<\/section>\n\t\t\t\t<\/div>\n\t\t","protected":false},"excerpt":{"rendered":"<p>E-learning uitbraak BRMO Leerdoelen Doelgroep Toets en accreditatie Studieduur en aanmelden E-learning uitbraak BRMO In deze module wordt aan de hand van een voorbeeld uitgelegd welke maatregelen er genomen moeten worden tijdens een uitbraak met BRMO.\u00a0 Leerdoelen Na afronden van deze module weet de deelnemer: Dat dragerschap van een BRMO geen symptomen kent Op welke [&hellip;]<\/p>\n","protected":false},"author":1,"featured_media":0,"parent":87,"menu_order":0,"comment_status":"closed","ping_status":"closed","template":"","meta":{"site-sidebar-layout":"default","site-content-layout":"","ast-site-content-layout":"default","site-content-style":"default","site-sidebar-style":"default","ast-global-header-display":"","ast-banner-title-visibility":"","ast-main-header-display":"","ast-hfb-above-header-display":"","ast-hfb-below-header-display":"","ast-hfb-mobile-header-display":"","site-post-title":"disabled","ast-breadcrumbs-content":"","ast-featured-img":"","footer-sml-layout":"","ast-disable-related-posts":"","theme-transparent-header-meta":"","adv-header-id-meta":"","stick-header-meta":"","header-above-stick-meta":"","header-main-stick-meta":"","header-below-stick-meta":"","astra-migrate-meta-layouts":"default","ast-page-background-enabled":"default","ast-page-background-meta":{"desktop":{"background-color":"var(--ast-global-color-4)","background-image":"","background-repeat":"repeat","background-position":"center center","background-size":"auto","background-attachment":"scroll","background-type":"","background-media":"","overlay-type":"","overlay-color":"","overlay-opacity":"","overlay-gradient":""},"tablet":{"background-color":"","background-image":"","background-repeat":"repeat","background-position":"center center","background-size":"auto","background-attachment":"scroll","background-type":"","background-media":"","overlay-type":"","overlay-color":"","overlay-opacity":"","overlay-gradient":""},"mobile":{"background-color":"","background-image":"","background-repeat":"repeat","background-position":"center center","background-size":"auto","background-attachment":"scroll","background-type":"","background-media":"","overlay-type":"","overlay-color":"","overlay-opacity":"","overlay-gradient":""}},"ast-content-background-meta":{"desktop":{"background-color":"var(--ast-global-color-5)","background-image":"","background-repeat":"repeat","background-position":"center center","background-size":"auto","background-attachment":"scroll","background-type":"","background-media":"","overlay-type":"","overlay-color":"","overlay-opacity":"","overlay-gradient":""},"tablet":{"background-color":"var(--ast-global-color-5)","background-image":"","background-repeat":"repeat","background-position":"center center","background-size":"auto","background-attachment":"scroll","background-type":"","background-media":"","overlay-type":"","overlay-color":"","overlay-opacity":"","overlay-gradient":""},"mobile":{"background-color":"var(--ast-global-color-5)","background-image":"","background-repeat":"repeat","background-position":"center center","background-size":"auto","background-attachment":"scroll","background-type":"","background-media":"","overlay-type":"","overlay-color":"","overlay-opacity":"","overlay-gradient":""}},"footnotes":""},"class_list":["post-588","page","type-page","status-publish","hentry"],"_links":{"self":[{"href":"https:\/\/ipacademie.nl\/index.php\/wp-json\/wp\/v2\/pages\/588","targetHints":{"allow":["GET"]}}],"collection":[{"href":"https:\/\/ipacademie.nl\/index.php\/wp-json\/wp\/v2\/pages"}],"about":[{"href":"https:\/\/ipacademie.nl\/index.php\/wp-json\/wp\/v2\/types\/page"}],"author":[{"embeddable":true,"href":"https:\/\/ipacademie.nl\/index.php\/wp-json\/wp\/v2\/users\/1"}],"replies":[{"embeddable":true,"href":"https:\/\/ipacademie.nl\/index.php\/wp-json\/wp\/v2\/comments?post=588"}],"version-history":[{"count":10,"href":"https:\/\/ipacademie.nl\/index.php\/wp-json\/wp\/v2\/pages\/588\/revisions"}],"predecessor-version":[{"id":1382,"href":"https:\/\/ipacademie.nl\/index.php\/wp-json\/wp\/v2\/pages\/588\/revisions\/1382"}],"up":[{"embeddable":true,"href":"https:\/\/ipacademie.nl\/index.php\/wp-json\/wp\/v2\/pages\/87"}],"wp:attachment":[{"href":"https:\/\/ipacademie.nl\/index.php\/wp-json\/wp\/v2\/media?parent=588"}],"curies":[{"name":"wp","href":"https:\/\/api.w.org\/{rel}","templated":true}]}}